{"id":6,"date":"2024-02-20T14:27:14","date_gmt":"2024-02-20T17:27:14","guid":{"rendered":"http:\/\/luzpropia.rubrow.ar\/?page_id=6"},"modified":"2024-02-20T14:27:14","modified_gmt":"2024-02-20T17:27:14","slug":"cart","status":"publish","type":"page","link":"https:\/\/luzpropia.rubrow.ar\/?page_id=6","title":{"rendered":"Cart"},"content":{"rendered":"\n<div data-block-name=\"woocommerce\/cart\" class=\"wp-block-woocommerce-cart alignwide is-loading\">\n<div data-block-name=\"woocommerce\/filled-cart-block\" class=\"wp-block-woocommerce-filled-cart-block\">\n<div data-block-name=\"woocommerce\/cart-items-block\" class=\"wp-block-woocommerce-cart-items-block\">\n<div data-block-name=\"woocommerce\/cart-line-items-block\" class=\"wp-block-woocommerce-cart-line-items-block\"><\/div>\n\n\n\n<div data-block-name=\"woocommerce\/cart-cross-sells-block\" class=\"wp-block-woocommerce-cart-cross-sells-block\">\n<h2 class=\"wp-block-heading has-large-font-size\">You may be interested in\u2026<\/h2>\n\n\n\n<div data-block-name=\"woocommerce\/cart-cross-sells-products-block\" class=\"wp-block-woocommerce-cart-cross-sells-products-block\"><\/div>\n<\/div>\n<\/div>\n\n\n\n<div data-block-name=\"woocommerce\/cart-totals-block\" class=\"wp-block-woocommerce-cart-totals-block\">\n<div data-block-name=\"woocommerce\/cart-order-summary-block\" class=\"wp-block-woocommerce-cart-order-summary-block\">\n<div data-block-name=\"woocommerce\/cart-order-summary-heading-block\" class=\"wp-block-woocommerce-cart-order-summary-heading-block\"><\/div><div data-block-name=\"woocommerce\/cart-order-summary-coupon-form-block\" class=\"wp-block-woocommerce-cart-order-summary-coupon-form-block\"><\/div><div data-block-name=\"woocommerce\/cart-order-summary-totals-block\" class=\"wp-block-woocommerce-cart-order-summary-totals-block\">\n<div data-block-name=\"woocommerce\/cart-order-summary-subtotal-block\" class=\"wp-block-woocommerce-cart-order-summary-subtotal-block\"><\/div>\n<div data-block-name=\"woocommerce\/cart-order-summary-discount-block\" class=\"wp-block-woocommerce-cart-order-summary-discount-block\"><\/div>\n<div data-block-name=\"woocommerce\/cart-order-summary-fee-block\" class=\"wp-block-woocommerce-cart-order-summary-fee-block\"><\/div>\n<div data-block-name=\"woocommerce\/cart-order-summary-shipping-block\" class=\"wp-block-woocommerce-cart-order-summary-shipping-block\"><\/div>\n<div data-block-name=\"woocommerce\/cart-order-summary-taxes-block\" class=\"wp-block-woocommerce-cart-order-summary-taxes-block\"><\/div><\/div>\n<\/div>\n\n\n\n<div data-block-name=\"woocommerce\/cart-express-payment-block\" class=\"wp-block-woocommerce-cart-express-payment-block\"><\/div>\n\n\n\n<div data-block-name=\"woocommerce\/proceed-to-checkout-block\" class=\"wp-block-woocommerce-proceed-to-checkout-block\"><\/div>\n\n\n\n<div data-block-name=\"woocommerce\/cart-accepted-payment-methods-block\" class=\"wp-block-woocommerce-cart-accepted-payment-methods-block\"><\/div>\n<\/div>\n<\/div>\n\n\n\n<div data-block-name=\"woocommerce\/empty-cart-block\" class=\"wp-block-woocommerce-empty-cart-block\">\n<h2 class=\"wp-block-heading has-text-align-center with-empty-cart-icon wc-block-cart__empty-cart__title\">Your cart is currently empty!<\/h2>\n\n\n\n<hr class=\"wp-block-separator has-alpha-channel-opacity is-style-dots\"\/>\n\n\n\n<h2 class=\"wp-block-heading has-text-align-center\">New in store<\/h2>\n\n\n<div data-block-name=\"woocommerce\/product-new\" data-columns=\"4\" data-rows=\"1\" class=\"wc-block-grid wp-block-product-new wp-block-woocommerce-product-new wc-block-product-new has-4-columns\"><ul class=\"wc-block-grid__products\"><li class=\"wc-block-grid__product\">\n\t\t\t\t<a href=\"https:\/\/luzpropia.rubrow.ar\/?product=termica-nxb6\" class=\"wc-block-grid__product-link\">\n\t\t\t\t\t\n\t\t\t\t\t<div class=\"wc-block-grid__product-image\"><img fetchpriority=\"high\" decoding=\"async\" width=\"300\" height=\"300\" src=\"https:\/\/luzpropia.rubrow.ar\/wp-content\/uploads\/2024\/03\/D_NQ_NP_2X_952083-MLA52282164607_112022-F-300x300.webp\" class=\"attachment-woocommerce_thumbnail size-woocommerce_thumbnail\" alt=\"T\u00e9rmica NXB6\" srcset=\"https:\/\/luzpropia.rubrow.ar\/wp-content\/uploads\/2024\/03\/D_NQ_NP_2X_952083-MLA52282164607_112022-F-300x300.webp 300w, https:\/\/luzpropia.rubrow.ar\/wp-content\/uploads\/2024\/03\/D_NQ_NP_2X_952083-MLA52282164607_112022-F-100x100.webp 100w, https:\/\/luzpropia.rubrow.ar\/wp-content\/uploads\/2024\/03\/D_NQ_NP_2X_952083-MLA52282164607_112022-F-600x600.webp 600w, https:\/\/luzpropia.rubrow.ar\/wp-content\/uploads\/2024\/03\/D_NQ_NP_2X_952083-MLA52282164607_112022-F-1024x1024.webp 1024w, https:\/\/luzpropia.rubrow.ar\/wp-content\/uploads\/2024\/03\/D_NQ_NP_2X_952083-MLA52282164607_112022-F-150x150.webp 150w, https:\/\/luzpropia.rubrow.ar\/wp-content\/uploads\/2024\/03\/D_NQ_NP_2X_952083-MLA52282164607_112022-F-768x768.webp 768w, https:\/\/luzpropia.rubrow.ar\/wp-content\/uploads\/2024\/03\/D_NQ_NP_2X_952083-MLA52282164607_112022-F.webp 1200w\" sizes=\"(max-width: 300px) 100vw, 300px\" \/><\/div>\n\t\t\t\t\t<div class=\"wc-block-grid__product-title\">T\u00e9rmica NXB6<\/div>\n\t\t\t\t<\/a>\n\t\t\t\t<div class=\"wc-block-grid__product-price price\"><\/div>\n\t\t\t\t\n\t\t\t\t<div class=\"wp-block-button wc-block-grid__product-add-to-cart\"><a href=\"https:\/\/luzpropia.rubrow.ar\/?product=termica-nxb6\" aria-label=\"Le\u00e9 m\u00e1s sobre &ldquo;T\u00e9rmica NXB6&rdquo;\" data-quantity=\"1\" data-product_id=\"792\" data-product_sku=\"\" data-price=\"0\" rel=\"nofollow\" class=\"wp-block-button__link  add_to_cart_button\">Leer m\u00e1s<\/a><\/div>\n\t\t\t<\/li><li class=\"wc-block-grid__product\">\n\t\t\t\t<a href=\"https:\/\/luzpropia.rubrow.ar\/?product=panel-solar-fotovoltaico-as-7m108-hc-410w-amerisolar\" class=\"wc-block-grid__product-link\">\n\t\t\t\t\t\n\t\t\t\t\t<div class=\"wc-block-grid__product-image\"><img decoding=\"async\" width=\"300\" height=\"300\" src=\"https:\/\/luzpropia.rubrow.ar\/wp-content\/uploads\/2024\/03\/108-400-300x300.webp\" class=\"attachment-woocommerce_thumbnail size-woocommerce_thumbnail\" alt=\"Panel Solar Fotovoltaico AS-7M108-HC-400W Amerisolar\" srcset=\"https:\/\/luzpropia.rubrow.ar\/wp-content\/uploads\/2024\/03\/108-400-300x300.webp 300w, https:\/\/luzpropia.rubrow.ar\/wp-content\/uploads\/2024\/03\/108-400-100x100.webp 100w, https:\/\/luzpropia.rubrow.ar\/wp-content\/uploads\/2024\/03\/108-400-150x150.webp 150w\" sizes=\"(max-width: 300px) 100vw, 300px\" \/><\/div>\n\t\t\t\t\t<div class=\"wc-block-grid__product-title\">Panel Solar Fotovoltaico AS-7M108-HC-400W Amerisolar<\/div>\n\t\t\t\t<\/a>\n\t\t\t\t<div class=\"wc-block-grid__product-price price\"><span class=\"woocommerce-Price-amount amount\"><span class=\"woocommerce-Price-currencySymbol\">&#036;<\/span>150,000.00<\/span><\/div>\n\t\t\t\t\n\t\t\t\t<div class=\"wp-block-button wc-block-grid__product-add-to-cart\"><a href=\"\/index.php?rest_route=%2Fwp%2Fv2%2Fpages%2F6&#038;add-to-cart=783\" aria-label=\"Add to cart: &ldquo;Panel Solar Fotovoltaico AS-7M108-HC-400W Amerisolar&rdquo;\" data-quantity=\"1\" data-product_id=\"783\" data-product_sku=\"AS-7M108-HC-410W\" data-price=\"150000\" rel=\"nofollow\" class=\"wp-block-button__link  add_to_cart_button ajax_add_to_cart\">Agregar al carrito<\/a><\/div>\n\t\t\t<\/li><\/ul><\/div><\/div>\n<\/div>\n","protected":false},"excerpt":{"rendered":"","protected":false},"author":1,"featured_media":0,"parent":0,"menu_order":0,"comment_status":"closed","ping_status":"closed","template":"","meta":{"footnotes":""},"class_list":["post-6","page","type-page","status-publish"],"_hostinger_reach_plugin_has_subscription_block":false,"_hostinger_reach_plugin_is_elementor":false,"_links":{"self":[{"href":"https:\/\/luzpropia.rubrow.ar\/index.php?rest_route=\/wp\/v2\/pages\/6","targetHints":{"allow":["GET"]}}],"collection":[{"href":"https:\/\/luzpropia.rubrow.ar\/index.php?rest_route=\/wp\/v2\/pages"}],"about":[{"href":"https:\/\/luzpropia.rubrow.ar\/index.php?rest_route=\/wp\/v2\/types\/page"}],"author":[{"embeddable":true,"href":"https:\/\/luzpropia.rubrow.ar\/index.php?rest_route=\/wp\/v2\/users\/1"}],"replies":[{"embeddable":true,"href":"https:\/\/luzpropia.rubrow.ar\/index.php?rest_route=%2Fwp%2Fv2%2Fcomments&post=6"}],"version-history":[{"count":0,"href":"https:\/\/luzpropia.rubrow.ar\/index.php?rest_route=\/wp\/v2\/pages\/6\/revisions"}],"wp:attachment":[{"href":"https:\/\/luzpropia.rubrow.ar\/index.php?rest_route=%2Fwp%2Fv2%2Fmedia&parent=6"}],"curies":[{"name":"wp","href":"https:\/\/api.w.org\/{rel}","templated":true}]}}