{"id":33,"date":"2024-02-21T10:34:53","date_gmt":"2024-02-21T13:34:53","guid":{"rendered":"https:\/\/luzpropia.rubrow.ar\/?page_id=33"},"modified":"2024-03-14T12:13:40","modified_gmt":"2024-03-14T15:13:40","slug":"calculo-de-consumo-de-electricidad-en-hogares","status":"publish","type":"page","link":"https:\/\/luzpropia.rubrow.ar\/","title":{"rendered":"C\u00e1lculo de consumo de electricidad en hogares"},"content":{"rendered":"\t\t<div data-elementor-type=\"wp-page\" data-elementor-id=\"33\" class=\"elementor elementor-33\" data-elementor-post-type=\"page\">\n\t\t\t\t<div class=\"elementor-element elementor-element-c38e892 e-con-full e-flex e-con e-parent\" data-id=\"c38e892\" data-element_type=\"container\" data-e-type=\"container\">\n\t\t\t\t<div class=\"elementor-element elementor-element-4c12f10 elementor-widget elementor-widget-heading\" data-id=\"4c12f10\" data-element_type=\"widget\" data-e-type=\"widget\" data-widget_type=\"heading.default\">\n\t\t\t\t<div class=\"elementor-widget-container\">\n\t\t\t\t\t<h2 class=\"elementor-heading-title elementor-size-default\">C\u00e1lculo de consumo el\u00e9ctrico<\/h2>\t\t\t\t<\/div>\n\t\t\t\t<\/div>\n\t\t\t\t<div class=\"elementor-element elementor-element-107d037 elementor-widget elementor-widget-text-editor\" data-id=\"107d037\" data-element_type=\"widget\" data-e-type=\"widget\" data-widget_type=\"text-editor.default\">\n\t\t\t\t<div class=\"elementor-widget-container\">\n\t\t\t\t\t\t\t\t\t<p>Ingres\u00e1 los aparatos que usas en tu casa para calcular el consumo y escoger el sistema de energ\u00eda solar adecuado. <br \/>Te lo enviaremos por email.<\/p>\t\t\t\t\t\t\t\t<\/div>\n\t\t\t\t<\/div>\n\t\t\t\t<div class=\"elementor-element elementor-element-46a18e8 elementor-align-center elementor-widget elementor-widget-button\" data-id=\"46a18e8\" data-element_type=\"widget\" data-e-type=\"widget\" data-widget_type=\"button.default\">\n\t\t\t\t<div class=\"elementor-widget-container\">\n\t\t\t\t\t\t\t\t\t<div class=\"elementor-button-wrapper\">\n\t\t\t\t\t<a class=\"elementor-button elementor-button-link elementor-size-sm\" href=\"#elementor-action%3Aaction%3Dpopup%3Aopen%26settings%3DeyJpZCI6IjU5NiIsInRvZ2dsZSI6ZmFsc2V9\">\n\t\t\t\t\t\t<span class=\"elementor-button-content-wrapper\">\n\t\t\t\t\t\t<span class=\"elementor-button-icon\">\n\t\t\t\t<svg aria-hidden=\"true\" class=\"e-font-icon-svg e-fas-calculator\" viewBox=\"0 0 448 512\" xmlns=\"http:\/\/www.w3.org\/2000\/svg\"><path d=\"M400 0H48C22.4 0 0 22.4 0 48v416c0 25.6 22.4 48 48 48h352c25.6 0 48-22.4 48-48V48c0-25.6-22.4-48-48-48zM128 435.2c0 6.4-6.4 12.8-12.8 12.8H76.8c-6.4 0-12.8-6.4-12.8-12.8v-38.4c0-6.4 6.4-12.8 12.8-12.8h38.4c6.4 0 12.8 6.4 12.8 12.8v38.4zm0-128c0 6.4-6.4 12.8-12.8 12.8H76.8c-6.4 0-12.8-6.4-12.8-12.8v-38.4c0-6.4 6.4-12.8 12.8-12.8h38.4c6.4 0 12.8 6.4 12.8 12.8v38.4zm128 128c0 6.4-6.4 12.8-12.8 12.8h-38.4c-6.4 0-12.8-6.4-12.8-12.8v-38.4c0-6.4 6.4-12.8 12.8-12.8h38.4c6.4 0 12.8 6.4 12.8 12.8v38.4zm0-128c0 6.4-6.4 12.8-12.8 12.8h-38.4c-6.4 0-12.8-6.4-12.8-12.8v-38.4c0-6.4 6.4-12.8 12.8-12.8h38.4c6.4 0 12.8 6.4 12.8 12.8v38.4zm128 128c0 6.4-6.4 12.8-12.8 12.8h-38.4c-6.4 0-12.8-6.4-12.8-12.8V268.8c0-6.4 6.4-12.8 12.8-12.8h38.4c6.4 0 12.8 6.4 12.8 12.8v166.4zm0-256c0 6.4-6.4 12.8-12.8 12.8H76.8c-6.4 0-12.8-6.4-12.8-12.8V76.8C64 70.4 70.4 64 76.8 64h294.4c6.4 0 12.8 6.4 12.8 12.8v102.4z\"><\/path><\/svg>\t\t\t<\/span>\n\t\t\t\t\t\t\t\t\t<span class=\"elementor-button-text\">Calculador de consumo<\/span>\n\t\t\t\t\t<\/span>\n\t\t\t\t\t<\/a>\n\t\t\t\t<\/div>\n\t\t\t\t\t\t\t\t<\/div>\n\t\t\t\t<\/div>\n\t\t\t\t<div class=\"elementor-element elementor-element-b49c289 elementor-widget elementor-widget-text-editor\" data-id=\"b49c289\" data-element_type=\"widget\" data-e-type=\"widget\" data-widget_type=\"text-editor.default\">\n\t\t\t\t<div class=\"elementor-widget-container\">\n\t\t\t\t\t\t\t\t\t<p>El c\u00e1lculo del consumo de electricidad en hogares es fundamental para entender y controlar el gasto de energ\u00e9tico. Con el aumento de conciencia sobre la importancia de la energ\u00eda solar y la eficiencia energ\u00e9tica, es esencial conocer cu\u00e1nta energ\u00eda consumen nuestros electrodom\u00e9sticos y dispositivos en el d\u00eda a d\u00eda.<\/p><p>Para realizar este c\u00e1lculo, es necesario tener en cuenta varios factores. En primer lugar, es importante conocer la potencia de cada electrodom\u00e9stico. Esta informaci\u00f3n generalmente se encuentra en la etiqueta del producto o en el manual de instrucciones. La potencia se mide en vatios (W) y nos indica la cantidad de energ\u00eda que consume el electrodom\u00e9stico por hora.<\/p><p>Una vez que tenemos la potencia de cada electrodom\u00e9stico, podemos calcular el consumo diario multiplicando la potencia por el tiempo de uso diario. Por ejemplo, si un electrodom\u00e9stico tiene una potencia de 100 W y se utiliza durante 2 horas al d\u00eda, el consumo diario ser\u00e1 de 200 Wh (vatios hora).<\/p><p>Para obtener el consumo mensual, simplemente multiplicamos el consumo diario por el n\u00famero de d\u00edas en el mes. Es importante tener en cuenta que algunos electrodom\u00e9sticos tienen modos de funcionamiento con diferentes niveles de potencia, por lo que es necesario considerar estos cambios en el c\u00e1lculo.<\/p><p>Una vez que tenemos el consumo mensual, podemos utilizar esta informaci\u00f3n para evaluar el impacto en nuestra factura de electricidad y tomar decisiones informadas sobre c\u00f3mo reducir nuestro consumo. Adem\u00e1s, este c\u00e1lculo nos permite dimensionar correctamente un sistema fotovoltaico si estamos considerando la instalaci\u00f3n de paneles solares en nuestro hogar.<\/p><p>En resumen, el c\u00e1lculo del consumo de electricidad en hogares nos ayuda a entender y controlar nuestro gasto energ\u00e9tico, as\u00ed como a tomar decisiones informadas sobre el uso de energ\u00eda solar y la eficiencia energ\u00e9tica en nuestros hogares.<\/p>\t\t\t\t\t\t\t\t<\/div>\n\t\t\t\t<\/div>\n\t\t\t\t<\/div>\n\t\t<div class=\"elementor-element elementor-element-baa8ac2 e-flex e-con-boxed e-con e-parent\" data-id=\"baa8ac2\" data-element_type=\"container\" data-e-type=\"container\">\n\t\t\t\t\t<div class=\"e-con-inner\">\n\t\t\t\t<div class=\"elementor-element elementor-element-1b764b3 dce-posts-layout-default dce-col-4 dce-col-tablet-3 dce-col-mobile-1 dce-align-left elementor-widget elementor-widget-dce-dynamicposts-v2\" data-id=\"1b764b3\" data-element_type=\"widget\" data-e-type=\"widget\" data-settings=\"{&quot;infiniteScroll_enable&quot;:&quot;yes&quot;,&quot;templatemode_linkable&quot;:&quot;yes&quot;,&quot;grid_match_height&quot;:&quot;yes&quot;,&quot;style_items&quot;:&quot;default&quot;,&quot;grid_grid_type&quot;:&quot;flex&quot;,&quot;infiniteScroll_trigger&quot;:&quot;scroll&quot;}\" data-widget_type=\"dce-dynamicposts-v2.grid\">\n\t\t\t\t<div class=\"elementor-widget-container\">\n\t\t\t\t\t\n\t\t<div class=\"dce-fix-background-loop dce-posts-container dce-posts dce-dynamic-posts-collection  dce-skin-grid dce-skin-grid-flex\">\n\t\t\t\t\t\t<div class=\"dce-posts-wrapper dce-wrapper-grid\">\n\t\t\t\n\t\t<article class=\"post-474 post type-post status-publish format-standard has-post-thumbnail hentry category-energia-solar tag-eficiencia-energetica tag-energia-renovable tag-paneles-solares dce-post dce-post-item dce-item-grid\" data-dce-post-id=\"474\" data-dce-post-index=\"0\" data-post-link=\"https:\/\/luzpropia.rubrow.ar\/?p=474\">\n\t\t\t<div class=\"dce-post-block\">\n\t\t<div class=\"dce-item dce-item_image elementor-repeater-item-5069cf5\"><a class=\"dce-post-image\" href=\"https:\/\/luzpropia.rubrow.ar\/?p=474\"><figure data-image-ratio=\"0.6\" class=\"dce-img\"><img fetchpriority=\"high\" decoding=\"async\" width=\"1024\" height=\"683\" src=\"https:\/\/luzpropia.rubrow.ar\/wp-content\/uploads\/2024\/02\/a-person-working-on-a-solar-panel-1-scaled.jpg\" class=\"\" alt=\"Photo by &lt;a href=&quot;https:\/\/unsplash.com\/@markusspiske&quot; rel=&quot;nofollow&quot;&gt;Markus Spiske&lt;\/a&gt; on &lt;a href=&quot;https:\/\/unsplash.com\/?utm_source=hostinger&#038;utm_medium=referral&quot; rel=&quot;nofollow&quot;&gt;Unsplash&lt;\/a&gt; \" srcset=\"https:\/\/luzpropia.rubrow.ar\/wp-content\/uploads\/2024\/02\/a-person-working-on-a-solar-panel-1-scaled.jpg 2560w, https:\/\/luzpropia.rubrow.ar\/wp-content\/uploads\/2024\/02\/a-person-working-on-a-solar-panel-1-scaled-600x400.jpg 600w\" sizes=\"(max-width: 1024px) 100vw, 1024px\" \/><\/figure><\/a><\/div><div class=\"dce-item dce-item_title elementor-repeater-item-e2c1628\"><h5 class=\"dce-post-title\"><a href=\"https:\/\/luzpropia.rubrow.ar\/?p=474\">Paneles solares fotovoltaicos monocristalinos<\/a><\/h5><\/div>\t\t\t<\/div>\n\t\t<\/article>\n\t\t\n\t\t<article class=\"post-469 post type-post status-publish format-standard has-post-thumbnail hentry category-energia-sostenible tag-energia-renovable tag-energia-solar tag-paneles-solares dce-post dce-post-item dce-item-grid\" data-dce-post-id=\"469\" data-dce-post-index=\"1\" data-post-link=\"https:\/\/luzpropia.rubrow.ar\/?p=469\">\n\t\t\t<div class=\"dce-post-block\">\n\t\t<div class=\"dce-item dce-item_image elementor-repeater-item-5069cf5\"><a class=\"dce-post-image\" href=\"https:\/\/luzpropia.rubrow.ar\/?p=469\"><figure data-image-ratio=\"0.6\" class=\"dce-img\"><img decoding=\"async\" width=\"1024\" height=\"693\" src=\"https:\/\/luzpropia.rubrow.ar\/wp-content\/uploads\/2024\/02\/black-and-white-solar-panels-1-scaled.webp\" class=\"\" alt=\"Photo by &lt;a href=&quot;https:\/\/unsplash.com\/@logvisuals&quot; rel=&quot;nofollow&quot;&gt;Nuno Marques&lt;\/a&gt; on &lt;a href=&quot;https:\/\/unsplash.com\/?utm_source=hostinger&#038;utm_medium=referral&quot; rel=&quot;nofollow&quot;&gt;Unsplash&lt;\/a&gt; \" srcset=\"https:\/\/luzpropia.rubrow.ar\/wp-content\/uploads\/2024\/02\/black-and-white-solar-panels-1-scaled.webp 1920w, https:\/\/luzpropia.rubrow.ar\/wp-content\/uploads\/2024\/02\/black-and-white-solar-panels-1-scaled-600x406.webp 600w\" sizes=\"(max-width: 1024px) 100vw, 1024px\" \/><\/figure><\/a><\/div><div class=\"dce-item dce-item_title elementor-repeater-item-e2c1628\"><h5 class=\"dce-post-title\"><a href=\"https:\/\/luzpropia.rubrow.ar\/?p=469\">Energ\u00eda solar: Ahorra y recupera tu inversi\u00f3n<\/a><\/h5><\/div>\t\t\t<\/div>\n\t\t<\/article>\n\t\t\n\t\t<article class=\"post-467 post type-post status-publish format-standard has-post-thumbnail hentry category-eficiencia-energetica tag-ahorro-de-energia tag-consumo-electrico tag-electrodomesticos-eficientes dce-post dce-post-item dce-item-grid\" data-dce-post-id=\"467\" data-dce-post-index=\"2\" data-post-link=\"https:\/\/luzpropia.rubrow.ar\/?p=467\">\n\t\t\t<div class=\"dce-post-block\">\n\t\t<div class=\"dce-item dce-item_image elementor-repeater-item-5069cf5\"><a class=\"dce-post-image\" href=\"https:\/\/luzpropia.rubrow.ar\/?p=467\"><figure data-image-ratio=\"0.6\" class=\"dce-img\"><img decoding=\"async\" width=\"768\" height=\"1024\" src=\"https:\/\/luzpropia.rubrow.ar\/wp-content\/uploads\/2024\/02\/brown-and-black-tram-on-the-street-during-daytime-scaled.webp\" class=\"\" alt=\"Photo by &lt;a href=&quot;https:\/\/unsplash.com\/@mrafonso1976&quot; rel=&quot;nofollow&quot;&gt;Margarida Afonso&lt;\/a&gt; on &lt;a href=&quot;https:\/\/unsplash.com\/?utm_source=hostinger&#038;utm_medium=referral&quot; rel=&quot;nofollow&quot;&gt;Unsplash&lt;\/a&gt; \" srcset=\"https:\/\/luzpropia.rubrow.ar\/wp-content\/uploads\/2024\/02\/brown-and-black-tram-on-the-street-during-daytime-scaled.webp 1440w, https:\/\/luzpropia.rubrow.ar\/wp-content\/uploads\/2024\/02\/brown-and-black-tram-on-the-street-during-daytime-scaled-600x800.webp 600w\" sizes=\"(max-width: 768px) 100vw, 768px\" \/><\/figure><\/a><\/div><div class=\"dce-item dce-item_title elementor-repeater-item-e2c1628\"><h5 class=\"dce-post-title\"><a href=\"https:\/\/luzpropia.rubrow.ar\/?p=467\">C\u00e1lculo de consumo el\u00e9ctrico de un hogar<\/a><\/h5><\/div>\t\t\t<\/div>\n\t\t<\/article>\n\t\t\n\t\t<article class=\"post-27 post type-post status-publish format-standard has-post-thumbnail hentry category-energia-renovable tag-energia-solar tag-energias-renovables tag-paneles-solares dce-post dce-post-item dce-item-grid\" data-dce-post-id=\"27\" data-dce-post-index=\"3\" data-post-link=\"https:\/\/luzpropia.rubrow.ar\/?p=27\">\n\t\t\t<div class=\"dce-post-block\">\n\t\t<div class=\"dce-item dce-item_image elementor-repeater-item-5069cf5\"><a class=\"dce-post-image\" href=\"https:\/\/luzpropia.rubrow.ar\/?p=27\"><figure data-image-ratio=\"0.6\" class=\"dce-img\"><img loading=\"lazy\" decoding=\"async\" width=\"1024\" height=\"693\" src=\"https:\/\/luzpropia.rubrow.ar\/wp-content\/uploads\/2024\/02\/black-and-white-solar-panels-scaled.webp\" class=\"\" alt=\"Photo by &lt;a href=&quot;https:\/\/unsplash.com\/@logvisuals&quot; rel=&quot;nofollow&quot;&gt;Nuno Marques&lt;\/a&gt; on &lt;a href=&quot;https:\/\/unsplash.com\/?utm_source=hostinger&#038;utm_medium=referral&quot; rel=&quot;nofollow&quot;&gt;Unsplash&lt;\/a&gt; \" srcset=\"https:\/\/luzpropia.rubrow.ar\/wp-content\/uploads\/2024\/02\/black-and-white-solar-panels-scaled.webp 1920w, https:\/\/luzpropia.rubrow.ar\/wp-content\/uploads\/2024\/02\/black-and-white-solar-panels-scaled-600x406.webp 600w\" sizes=\"(max-width: 1024px) 100vw, 1024px\" \/><\/figure><\/a><\/div><div class=\"dce-item dce-item_title elementor-repeater-item-e2c1628\"><h5 class=\"dce-post-title\"><a href=\"https:\/\/luzpropia.rubrow.ar\/?p=27\">Instalaci\u00f3n y asesoramiento en energ\u00edas renovables<\/a><\/h5><\/div>\t\t\t<\/div>\n\t\t<\/article>\n\t\t\n\t\t<article class=\"post-11 post type-post status-publish format-standard hentry category-blog dce-post dce-post-item dce-item-grid\" data-dce-post-id=\"11\" data-dce-post-index=\"4\" data-post-link=\"https:\/\/luzpropia.rubrow.ar\/?p=11\">\n\t\t\t<div class=\"dce-post-block\">\n\t\t<div class=\"dce-item dce-item_image elementor-repeater-item-5069cf5\"><\/div><div class=\"dce-item dce-item_title elementor-repeater-item-e2c1628\"><h5 class=\"dce-post-title\"><a href=\"https:\/\/luzpropia.rubrow.ar\/?p=11\">Venta e instalaci\u00f3n de sistemas de generaci\u00f3n de energ\u00eda solar fotovoltaica<\/a><\/h5><\/div>\t\t\t<\/div>\n\t\t<\/article>\n\t\t\t\t\t<\/div>\n\t\t\t\t\t<\/div>\n\t\t\t\t\t\t<\/div>\n\t\t\t\t<\/div>\n\t\t\t\t\t<\/div>\n\t\t\t\t<\/div>\n\t\t\t\t<\/div>\n\t\t","protected":false},"excerpt":{"rendered":"<p>C\u00e1lculo de consumo el\u00e9ctrico Ingres\u00e1 los aparatos que usas en tu casa para calcular el consumo y escoger el sistema de energ\u00eda solar adecuado. Te lo enviaremos por email. Calculador de consumo El c\u00e1lculo del consumo de electricidad en hogares es fundamental para entender y controlar el gasto de energ\u00e9tico. Con el aumento de conciencia &#8230; <a title=\"C\u00e1lculo de consumo de electricidad en hogares\" class=\"read-more\" href=\"https:\/\/luzpropia.rubrow.ar\/\" aria-label=\"Leer m\u00e1s sobre C\u00e1lculo de consumo de electricidad en hogares\">Leer m\u00e1s<\/a><\/p>\n","protected":false},"author":1,"featured_media":0,"parent":0,"menu_order":1,"comment_status":"open","ping_status":"closed","template":"elementor_header_footer","meta":{"footnotes":""},"class_list":["post-33","page","type-page","status-publish"],"_hostinger_reach_plugin_has_subscription_block":false,"_hostinger_reach_plugin_is_elementor":false,"_links":{"self":[{"href":"https:\/\/luzpropia.rubrow.ar\/index.php?rest_route=\/wp\/v2\/pages\/33","targetHints":{"allow":["GET"]}}],"collection":[{"href":"https:\/\/luzpropia.rubrow.ar\/index.php?rest_route=\/wp\/v2\/pages"}],"about":[{"href":"https:\/\/luzpropia.rubrow.ar\/index.php?rest_route=\/wp\/v2\/types\/page"}],"author":[{"embeddable":true,"href":"https:\/\/luzpropia.rubrow.ar\/index.php?rest_route=\/wp\/v2\/users\/1"}],"replies":[{"embeddable":true,"href":"https:\/\/luzpropia.rubrow.ar\/index.php?rest_route=%2Fwp%2Fv2%2Fcomments&post=33"}],"version-history":[{"count":531,"href":"https:\/\/luzpropia.rubrow.ar\/index.php?rest_route=\/wp\/v2\/pages\/33\/revisions"}],"predecessor-version":[{"id":761,"href":"https:\/\/luzpropia.rubrow.ar\/index.php?rest_route=\/wp\/v2\/pages\/33\/revisions\/761"}],"wp:attachment":[{"href":"https:\/\/luzpropia.rubrow.ar\/index.php?rest_route=%2Fwp%2Fv2%2Fmedia&parent=33"}],"curies":[{"name":"wp","href":"https:\/\/api.w.org\/{rel}","templated":true}]}}